{"id":748,"date":"2024-02-25T10:44:23","date_gmt":"2024-02-25T18:44:23","guid":{"rendered":"https:\/\/www.keinstress.cz\/?page_id=748"},"modified":"2024-10-24T10:39:25","modified_gmt":"2024-10-24T08:39:25","slug":"ke-stazeni","status":"publish","type":"page","link":"https:\/\/www.keinstress.cz\/?page_id=748","title":{"rendered":"Ke sta\u017een\u00ed"},"content":{"rendered":"\n<style type=\"text\/css\" data-created_by=\"avia_inline_auto\" id=\"style-css-av-12vn5g-c9da78a2c6463d1be34a99eacb8a14b9\">\n.avia-section.av-12vn5g-c9da78a2c6463d1be34a99eacb8a14b9{\nbackground-repeat:no-repeat;\nbackground-image:url(https:\/\/www.keinstress.cz\/wp-content\/uploads\/2024\/02\/home-scaled.jpg);\nbackground-position:50% 0%;\nbackground-attachment:fixed;\n}\n.avia-section.av-12vn5g-c9da78a2c6463d1be34a99eacb8a14b9 .av-section-color-overlay{\nopacity:0.3;\nbackground-color:#000000;\n}\n<\/style>\n<div id='av_section_1'  class='avia-section av-12vn5g-c9da78a2c6463d1be34a99eacb8a14b9 main_color avia-section-large avia-no-shadow  avia-builder-el-0  el_before_av_section  avia-builder-el-first  avia-full-stretch avia-bg-style-fixed av-section-color-overlay-active container_wrap sidebar_right'  data-section-bg-repeat='stretch'><div class=\"av-section-color-overlay-wrap\"><div class=\"av-section-color-overlay\"><\/div><div class='container av-section-cont-open' ><main  role=\"main\" itemprop=\"mainContentOfPage\"  class='template-page content  av-content-small alpha units'><div class='post-entry post-entry-type-page post-entry-748'><div class='entry-content-wrapper clearfix'>\n\n<style type=\"text\/css\" data-created_by=\"avia_inline_auto\" id=\"style-css-av-lt1uxj66-8bbfd2baa8725d7fe7808195d4add5c2\">\n#top .av-special-heading.av-lt1uxj66-8bbfd2baa8725d7fe7808195d4add5c2{\npadding-bottom:0;\ncolor:#ffffff;\nfont-size:50px;\n}\nbody .av-special-heading.av-lt1uxj66-8bbfd2baa8725d7fe7808195d4add5c2 .av-special-heading-tag .heading-char{\nfont-size:25px;\n}\n#top #wrap_all .av-special-heading.av-lt1uxj66-8bbfd2baa8725d7fe7808195d4add5c2 .av-special-heading-tag{\nfont-size:50px;\n}\n.av-special-heading.av-lt1uxj66-8bbfd2baa8725d7fe7808195d4add5c2 .special-heading-inner-border{\nborder-color:#ffffff;\n}\n.av-special-heading.av-lt1uxj66-8bbfd2baa8725d7fe7808195d4add5c2 .av-subheading{\nfont-size:15px;\n}\n\n@media only screen and (min-width: 480px) and (max-width: 767px){ \n#top #wrap_all .av-special-heading.av-lt1uxj66-8bbfd2baa8725d7fe7808195d4add5c2 .av-special-heading-tag{\nfont-size:0.8em;\n}\n}\n\n@media only screen and (max-width: 479px){ \n#top #wrap_all .av-special-heading.av-lt1uxj66-8bbfd2baa8725d7fe7808195d4add5c2 .av-special-heading-tag{\nfont-size:0.8em;\n}\n}\n<\/style>\n<div  class='av-special-heading av-lt1uxj66-8bbfd2baa8725d7fe7808195d4add5c2 av-special-heading-h3 custom-color-heading blockquote modern-quote modern-centered  avia-builder-el-1  el_before_av_hr  avia-builder-el-first  av-inherit-size'><h3 class='av-special-heading-tag'  itemprop=\"headline\"  >Diec\u00e9ze<\/h3><div class=\"special-heading-border\"><div class=\"special-heading-inner-border\"><\/div><\/div><\/div>\n\n<style type=\"text\/css\" data-created_by=\"avia_inline_auto\" id=\"style-css-av-wb9w4-c0b830f0ecf2916e381df55f6ddf1857\">\n#top .hr.av-wb9w4-c0b830f0ecf2916e381df55f6ddf1857{\nmargin-top:30px;\nmargin-bottom:30px;\n}\n.hr.av-wb9w4-c0b830f0ecf2916e381df55f6ddf1857 .hr-inner{\nwidth:20%;\nborder-color:rgba(255,255,255,0.76);\nmax-width:45%;\n}\n.hr.av-wb9w4-c0b830f0ecf2916e381df55f6ddf1857 .av-seperator-icon{\ncolor:#ffffff;\n}\n<\/style>\n<div  class='hr av-wb9w4-c0b830f0ecf2916e381df55f6ddf1857 hr-custom  avia-builder-el-2  el_after_av_heading  avia-builder-el-last  hr-center hr-icon-yes'><span class='hr-inner inner-border-av-border-thin'><span class=\"hr-inner-style\"><\/span><\/span><span class='av-seperator-icon' aria-hidden='true' data-av_icon='\ue8bf' data-av_iconfont='entypo-fontello'><\/span><span class='hr-inner inner-border-av-border-thin'><span class=\"hr-inner-style\"><\/span><\/span><\/div>\n\n<\/div><\/div><\/main><!-- close content main element --><\/div><\/div><\/div><div id='av_section_2'  class='avia-section av-rx2oc-5f1de5d1c3e370716edf83b5cd7ce047 main_color avia-section-default avia-no-border-styling  avia-builder-el-3  el_after_av_section  avia-builder-el-last  avia-bg-style-scroll container_wrap sidebar_right'  ><div class='container av-section-cont-open' ><div class='template-page content  av-content-small alpha units'><div class='post-entry post-entry-type-page post-entry-748'><div class='entry-content-wrapper clearfix'>\n<div class='flex_column_table av-l4bpw-048e037f89ae03f1be7ecdaf28a9638f sc-av_two_third av-equal-height-column-flextable'>\n<style type=\"text\/css\" data-created_by=\"avia_inline_auto\" id=\"style-css-av-l4bpw-048e037f89ae03f1be7ecdaf28a9638f\">\n#top .flex_column_table.av-equal-height-column-flextable.av-l4bpw-048e037f89ae03f1be7ecdaf28a9638f{\nmargin-top:-90px;\nmargin-bottom:0px;\n}\n.flex_column.av-l4bpw-048e037f89ae03f1be7ecdaf28a9638f{\nborder-radius:0px 0px 0px 0px;\npadding:30px 30px 30px 30px;\nbackground-color:#ffffff;\n}\n<\/style>\n<div  class='flex_column av-l4bpw-048e037f89ae03f1be7ecdaf28a9638f av_two_third  avia-builder-el-4  el_before_av_one_third  avia-builder-el-first  first no_margin flex_column_table_cell av-equal-height-column av-align-top  '     ><p>\n<style type=\"text\/css\" data-created_by=\"avia_inline_auto\" id=\"style-css-av-lt1uxrfj-e0e03e2d11991dafb2cf81728a5ba7dd\">\n#top .av-special-heading.av-lt1uxrfj-e0e03e2d11991dafb2cf81728a5ba7dd{\npadding-bottom:0;\n}\nbody .av-special-heading.av-lt1uxrfj-e0e03e2d11991dafb2cf81728a5ba7dd .av-special-heading-tag .heading-char{\nfont-size:25px;\n}\n.av-special-heading.av-lt1uxrfj-e0e03e2d11991dafb2cf81728a5ba7dd .av-subheading{\nfont-size:15px;\n}\n<\/style>\n<div  id=\"pust\"  class='av-special-heading av-lt1uxrfj-e0e03e2d11991dafb2cf81728a5ba7dd av-special-heading-h3 blockquote modern-quote  avia-builder-el-5  el_before_av_button  avia-builder-el-first '><h3 class='av-special-heading-tag'  itemprop=\"headline\"  >Ke sta\u017een\u00ed<\/h3><div class=\"special-heading-border\"><div class=\"special-heading-inner-border\"><\/div><\/div><\/div><br \/>\n<div  class='avia-button-wrap av-bu764-f76f693bec4c492cc7d3072805110c2c-wrap avia-button-left  avia-builder-el-6  el_after_av_heading  el_before_av_button '><a href='http:\/\/www.keinstress.cz\/wp-content\/uploads\/2024\/02\/Tiskopis-dovolenky-aktualni.doc'  class='avia-button av-bu764-f76f693bec4c492cc7d3072805110c2c avia-icon_select-no avia-size-medium avia-position-left avia-color-theme-color'  target=\"_blank\"  rel=\"noopener noreferrer\" ><span class='avia_iconbox_title' >Tiskopis dovolenky aktu\u00e1ln\u00ed<\/span><\/a><\/div><br \/>\n<div  class='avia-button-wrap av-lt1uz3tf-ee79d41603997a939f870089e9ef9e6d-wrap avia-button-left  avia-builder-el-7  el_after_av_button  avia-builder-el-last '><a href='http:\/\/www.keinstress.cz\/wp-content\/uploads\/2024\/02\/CASOVY-PLAN-2023-2.doc'  class='avia-button av-lt1uz3tf-ee79d41603997a939f870089e9ef9e6d avia-icon_select-no avia-size-medium avia-position-left avia-color-theme-color'  ><span class='avia_iconbox_title' >\u010casov\u00fd pl\u00e1n 2023<\/span><\/a><\/div><\/p><\/div>\n<style type=\"text\/css\" data-created_by=\"avia_inline_auto\" id=\"style-css-av-h0gf0-d91a946e8da6ed909260914e269a62f6\">\n#top .flex_column_table.av-equal-height-column-flextable.av-h0gf0-d91a946e8da6ed909260914e269a62f6{\nmargin-top:-90px;\nmargin-bottom:0px;\n}\n.flex_column.av-h0gf0-d91a946e8da6ed909260914e269a62f6{\nborder-radius:0px 0px 0px 0px;\npadding:30px 30px 30px 30px;\nbackground-color:#f0f0f0;\n}\n<\/style>\n<div  class='flex_column av-h0gf0-d91a946e8da6ed909260914e269a62f6 av_one_third  avia-builder-el-8  el_after_av_two_third  avia-builder-el-last  no_margin flex_column_table_cell av-equal-height-column av-align-top  '     ><div  class='avia-builder-widget-area clearfix  avia-builder-el-9  avia-builder-el-no-sibling '><div id=\"nav_menu-4\" class=\"widget clearfix widget_nav_menu\"><h3 class=\"widgettitle\">Diec\u00e9ze<\/h3><div class=\"menu-dieceze-container\"><ul id=\"menu-dieceze\" class=\"menu\"><li id=\"menu-item-765\" class=\"menu-item menu-item-type-post_type menu-item-object-page menu-item-765\"><a href=\"https:\/\/www.keinstress.cz\/?page_id=718\">Historie<\/a><\/li>\n<li id=\"menu-item-764\" class=\"menu-item menu-item-type-post_type menu-item-object-page menu-item-764\"><a href=\"https:\/\/www.keinstress.cz\/?page_id=737\">Diec\u00e9zn\u00ed rada<\/a><\/li>\n<li id=\"menu-item-763\" class=\"menu-item menu-item-type-post_type menu-item-object-page menu-item-763\"><a href=\"https:\/\/www.keinstress.cz\/?page_id=740\">\u00da\u0159ad diec\u00e9zn\u00ed rady<\/a><\/li>\n<li id=\"menu-item-762\" class=\"menu-item menu-item-type-post_type menu-item-object-page menu-item-762\"><a href=\"https:\/\/www.keinstress.cz\/?page_id=748\">Ke sta\u017een\u00ed<\/a><\/li>\n<\/ul><\/div><\/div><\/div><\/div><\/div><!--close column table wrapper. Autoclose: 1 --><\/div><\/div><\/div><!-- close content main div --><\/div><\/div><div id='after_section_2'  class='main_color av_default_container_wrap container_wrap sidebar_right'  ><div class='container av-section-cont-open' ><div class='template-page content  av-content-small alpha units'><div class='post-entry post-entry-type-page post-entry-748'><div class='entry-content-wrapper clearfix'>\n","protected":false},"excerpt":{"rendered":"","protected":false},"author":1,"featured_media":0,"parent":0,"menu_order":0,"comment_status":"closed","ping_status":"closed","template":"","meta":{"_price":"","_stock":"","_tribe_ticket_header":"","_tribe_default_ticket_provider":"","_tribe_ticket_capacity":"0","_ticket_start_date":"","_ticket_end_date":"","_tribe_ticket_show_description":"","_tribe_ticket_show_not_going":false,"_tribe_ticket_use_global_stock":"","_tribe_ticket_global_stock_level":"","_global_stock_mode":"","_global_stock_cap":"","_tribe_rsvp_for_event":"","_tribe_ticket_going_count":"","_tribe_ticket_not_going_count":"","_tribe_tickets_list":"[]","_tribe_ticket_has_attendee_info_fields":false,"footnotes":""},"class_list":["post-748","page","type-page","status-publish","hentry"],"ticketed":false,"_links":{"self":[{"href":"https:\/\/www.keinstress.cz\/index.php?rest_route=\/wp\/v2\/pages\/748","targetHints":{"allow":["GET"]}}],"collection":[{"href":"https:\/\/www.keinstress.cz\/index.php?rest_route=\/wp\/v2\/pages"}],"about":[{"href":"https:\/\/www.keinstress.cz\/index.php?rest_route=\/wp\/v2\/types\/page"}],"author":[{"embeddable":true,"href":"https:\/\/www.keinstress.cz\/index.php?rest_route=\/wp\/v2\/users\/1"}],"replies":[{"embeddable":true,"href":"https:\/\/www.keinstress.cz\/index.php?rest_route=%2Fwp%2Fv2%2Fcomments&post=748"}],"version-history":[{"count":11,"href":"https:\/\/www.keinstress.cz\/index.php?rest_route=\/wp\/v2\/pages\/748\/revisions"}],"predecessor-version":[{"id":2561,"href":"https:\/\/www.keinstress.cz\/index.php?rest_route=\/wp\/v2\/pages\/748\/revisions\/2561"}],"wp:attachment":[{"href":"https:\/\/www.keinstress.cz\/index.php?rest_route=%2Fwp%2Fv2%2Fmedia&parent=748"}],"curies":[{"name":"wp","href":"https:\/\/api.w.org\/{rel}","templated":true}]}}