{"id":740,"date":"2024-02-25T10:35:07","date_gmt":"2024-02-25T18:35:07","guid":{"rendered":"https:\/\/www.keinstress.cz\/?page_id=740"},"modified":"2024-02-25T10:51:19","modified_gmt":"2024-02-25T18:51:19","slug":"urad-diecezni-rady","status":"publish","type":"page","link":"https:\/\/www.keinstress.cz\/?page_id=740","title":{"rendered":"\u00da\u0159ad diec\u00e9zn\u00ed rady"},"content":{"rendered":"\n<style type=\"text\/css\" data-created_by=\"avia_inline_auto\" id=\"style-css-av-22nepo-037e3ba1d3a52e6a5569d9e595a2b04a\">\n.avia-section.av-22nepo-037e3ba1d3a52e6a5569d9e595a2b04a{\nbackground-repeat:no-repeat;\nbackground-image:url(https:\/\/www.keinstress.cz\/wp-content\/uploads\/2024\/02\/home-scaled.jpg);\nbackground-position:50% 0%;\nbackground-attachment:fixed;\n}\n.avia-section.av-22nepo-037e3ba1d3a52e6a5569d9e595a2b04a .av-section-color-overlay{\nopacity:0.3;\nbackground-color:#000000;\n}\n<\/style>\n<div id='av_section_1'  class='avia-section av-22nepo-037e3ba1d3a52e6a5569d9e595a2b04a main_color avia-section-large avia-no-shadow  avia-builder-el-0  el_before_av_section  avia-builder-el-first  avia-full-stretch avia-bg-style-fixed av-section-color-overlay-active container_wrap sidebar_right'  data-section-bg-repeat='stretch'><div class=\"av-section-color-overlay-wrap\"><div class=\"av-section-color-overlay\"><\/div><div class='container av-section-cont-open' ><main  role=\"main\" itemprop=\"mainContentOfPage\"  class='template-page content  av-content-small alpha units'><div class='post-entry post-entry-type-page post-entry-740'><div class='entry-content-wrapper clearfix'>\n\n<style type=\"text\/css\" data-created_by=\"avia_inline_auto\" id=\"style-css-av-lt1unewn-5f0b601db53de6e46318b01304ddf67d\">\n#top .av-special-heading.av-lt1unewn-5f0b601db53de6e46318b01304ddf67d{\npadding-bottom:0;\ncolor:#ffffff;\nfont-size:50px;\n}\nbody .av-special-heading.av-lt1unewn-5f0b601db53de6e46318b01304ddf67d .av-special-heading-tag .heading-char{\nfont-size:25px;\n}\n#top #wrap_all .av-special-heading.av-lt1unewn-5f0b601db53de6e46318b01304ddf67d .av-special-heading-tag{\nfont-size:50px;\n}\n.av-special-heading.av-lt1unewn-5f0b601db53de6e46318b01304ddf67d .special-heading-inner-border{\nborder-color:#ffffff;\n}\n.av-special-heading.av-lt1unewn-5f0b601db53de6e46318b01304ddf67d .av-subheading{\nfont-size:15px;\n}\n\n@media only screen and (min-width: 480px) and (max-width: 767px){ \n#top #wrap_all .av-special-heading.av-lt1unewn-5f0b601db53de6e46318b01304ddf67d .av-special-heading-tag{\nfont-size:0.8em;\n}\n}\n\n@media only screen and (max-width: 479px){ \n#top #wrap_all .av-special-heading.av-lt1unewn-5f0b601db53de6e46318b01304ddf67d .av-special-heading-tag{\nfont-size:0.8em;\n}\n}\n<\/style>\n<div  class='av-special-heading av-lt1unewn-5f0b601db53de6e46318b01304ddf67d av-special-heading-h3 custom-color-heading blockquote modern-quote modern-centered  avia-builder-el-1  el_before_av_hr  avia-builder-el-first  av-inherit-size'><h3 class='av-special-heading-tag'  itemprop=\"headline\"  >Diec\u00e9ze<\/h3><div class=\"special-heading-border\"><div class=\"special-heading-inner-border\"><\/div><\/div><\/div>\n\n<style type=\"text\/css\" data-created_by=\"avia_inline_auto\" id=\"style-css-av-1uyeho-84bde0f862af8a7d77250774c3a02af6\">\n#top .hr.av-1uyeho-84bde0f862af8a7d77250774c3a02af6{\nmargin-top:30px;\nmargin-bottom:30px;\n}\n.hr.av-1uyeho-84bde0f862af8a7d77250774c3a02af6 .hr-inner{\nwidth:20%;\nborder-color:rgba(255,255,255,0.76);\nmax-width:45%;\n}\n.hr.av-1uyeho-84bde0f862af8a7d77250774c3a02af6 .av-seperator-icon{\ncolor:#ffffff;\n}\n<\/style>\n<div  class='hr av-1uyeho-84bde0f862af8a7d77250774c3a02af6 hr-custom  avia-builder-el-2  el_after_av_heading  avia-builder-el-last  hr-center hr-icon-yes'><span class='hr-inner inner-border-av-border-thin'><span class=\"hr-inner-style\"><\/span><\/span><span class='av-seperator-icon' aria-hidden='true' data-av_icon='\ue8bf' data-av_iconfont='entypo-fontello'><\/span><span class='hr-inner inner-border-av-border-thin'><span class=\"hr-inner-style\"><\/span><\/span><\/div>\n\n<\/div><\/div><\/main><!-- close content main element --><\/div><\/div><\/div><div id='av_section_2'  class='avia-section av-1s52cc-e790b58153f4dc8ede05b0939b64e675 main_color avia-section-default avia-no-border-styling  avia-builder-el-3  el_after_av_section  avia-builder-el-last  avia-bg-style-scroll container_wrap sidebar_right'  ><div class='container av-section-cont-open' ><div class='template-page content  av-content-small alpha units'><div class='post-entry post-entry-type-page post-entry-740'><div class='entry-content-wrapper clearfix'>\n<div class='flex_column_table av-1m5f84-1fc0fc53c03c2e8a14f04a6c28e04b10 sc-av_two_third av-equal-height-column-flextable'>\n<style type=\"text\/css\" data-created_by=\"avia_inline_auto\" id=\"style-css-av-1m5f84-1fc0fc53c03c2e8a14f04a6c28e04b10\">\n#top .flex_column_table.av-equal-height-column-flextable.av-1m5f84-1fc0fc53c03c2e8a14f04a6c28e04b10{\nmargin-top:-90px;\nmargin-bottom:0px;\n}\n.flex_column.av-1m5f84-1fc0fc53c03c2e8a14f04a6c28e04b10{\nborder-radius:0px 0px 0px 0px;\npadding:30px 30px 30px 30px;\nbackground-color:#ffffff;\n}\n<\/style>\n<div  class='flex_column av-1m5f84-1fc0fc53c03c2e8a14f04a6c28e04b10 av_two_third  avia-builder-el-4  el_before_av_one_third  avia-builder-el-first  first no_margin flex_column_table_cell av-equal-height-column av-align-top  '     ><p>\n<style type=\"text\/css\" data-created_by=\"avia_inline_auto\" id=\"style-css-av-lt1uno21-ddcf2d4918fdd7fdb034179fa4740cf9\">\n#top .av-special-heading.av-lt1uno21-ddcf2d4918fdd7fdb034179fa4740cf9{\npadding-bottom:0;\n}\nbody .av-special-heading.av-lt1uno21-ddcf2d4918fdd7fdb034179fa4740cf9 .av-special-heading-tag .heading-char{\nfont-size:25px;\n}\n.av-special-heading.av-lt1uno21-ddcf2d4918fdd7fdb034179fa4740cf9 .av-subheading{\nfont-size:15px;\n}\n<\/style>\n<div  id=\"pust\"  class='av-special-heading av-lt1uno21-ddcf2d4918fdd7fdb034179fa4740cf9 av-special-heading-h3 blockquote modern-quote  avia-builder-el-5  el_before_av_textblock  avia-builder-el-first '><h3 class='av-special-heading-tag'  itemprop=\"headline\"  >\u00da\u0159ad diec\u00e9zn\u00ed rady<\/h3><div class=\"special-heading-border\"><div class=\"special-heading-inner-border\"><\/div><\/div><\/div><br \/>\n<section  class='av_textblock_section av-1948sk-5ca67d14d9f4b5b948ef2ac5d03c2f97 '   itemscope=\"itemscope\" itemtype=\"https:\/\/schema.org\/CreativeWork\" ><div class='avia_textblock'  itemprop=\"text\" ><p>ing. et. ing. Radek Hru\u0161ka, tel.: 776 765 105<br \/>\nJana Kova\u0159\u00edkov\u00e1 \u2013 \u00fa\u010detn\u00ed<br \/>\nHynek Hal\u00ed\u0159\u2013 spr\u00e1vce budovy<\/p>\n<p><strong>Diec\u00e9zn\u00ed revizn\u00ed finan\u010dn\u00ed v\u00fdbor:<\/strong><br \/>\nIng. Zden\u011bk Krko\u0161ka, Zbyn\u011bk Sokol, Hana Jakubcov\u00e1, Mgr. Martina Smolkov\u00e1, Ing. Petra Lonc Barto\u0148ov\u00e1, Ing. Jaroslava Rosyp\u00e1lkov\u00e1<\/p>\n<p><strong>Diec\u00e9zn\u00ed k\u00e1rn\u00fd v\u00fdbor:<\/strong><br \/>\nMgr. Miroslava B\u011bhalov\u00e1, DiS.,Libu\u0161e Bezd\u011b\u010d\u00edkov\u00e1, Ji\u0159\u00ed Pleva, Mgr. David P\u0159ichystal, Mgr. Vlasta \u0160antekov\u00e1, Mgr. Jana \u0160ilerov\u00e1<\/p>\n<p><strong>C\u00edrkevn\u00ed k\u00e1rn\u00fd v\u00fdbor:<\/strong><br \/>\nIng. Mgr. Nad\u011b\u017eda Ka\u0148\u00e1kov\u00e1, DiS.<\/p>\n<p><strong>Pr\u00e1vn\u00ed rada:<\/strong><br \/>\nMgr. et Mgr. Milan Kopl\u00edk<\/p>\n<p><strong>C\u00edrkevn\u00ed revizn\u00ed finan\u010dn\u00ed v\u00fdbor:<\/strong><br \/>\nMgr. Ing. Tom\u00e1\u0161 S\u00fdkora<\/p>\n<p><strong>C\u00edrkevn\u00ed zastupitelstvo:<\/strong><br \/>\nIng. et Ing. Radek Hru\u0161ka, Mgr. Ladislava Svobodov\u00e1, PhDr. Bohdan Ka\u0148\u00e1k, Ludmila Drko\u0161ov\u00e1, Ivana Horni\u0161erov\u00e1<\/p>\n<p><strong>Metodik duchovn\u00ed p\u00e9\u010de a vyu\u010dov\u00e1n\u00ed n\u00e1bo\u017eenstv\u00ed:<\/strong><br \/>\nMgr. et Ing. Alena Milov\u00e1<\/p>\n<\/div><\/section><\/p><\/div>\n<style type=\"text\/css\" data-created_by=\"avia_inline_auto\" id=\"style-css-av-eedu4-e0c3875823fcb61ccec222b8f378f9b4\">\n#top .flex_column_table.av-equal-height-column-flextable.av-eedu4-e0c3875823fcb61ccec222b8f378f9b4{\nmargin-top:-90px;\nmargin-bottom:0px;\n}\n.flex_column.av-eedu4-e0c3875823fcb61ccec222b8f378f9b4{\nborder-radius:0px 0px 0px 0px;\npadding:30px 30px 30px 30px;\nbackground-color:#f0f0f0;\n}\n<\/style>\n<div  class='flex_column av-eedu4-e0c3875823fcb61ccec222b8f378f9b4 av_one_third  avia-builder-el-7  el_after_av_two_third  avia-builder-el-last  no_margin flex_column_table_cell av-equal-height-column av-align-top  '     ><div  class='avia-builder-widget-area clearfix  avia-builder-el-8  avia-builder-el-no-sibling '><div id=\"nav_menu-4\" class=\"widget clearfix widget_nav_menu\"><h3 class=\"widgettitle\">Diec\u00e9ze<\/h3><div class=\"menu-dieceze-container\"><ul id=\"menu-dieceze\" class=\"menu\"><li id=\"menu-item-765\" class=\"menu-item menu-item-type-post_type menu-item-object-page menu-item-765\"><a href=\"https:\/\/www.keinstress.cz\/?page_id=718\">Historie<\/a><\/li>\n<li id=\"menu-item-764\" class=\"menu-item menu-item-type-post_type menu-item-object-page menu-item-764\"><a href=\"https:\/\/www.keinstress.cz\/?page_id=737\">Diec\u00e9zn\u00ed rada<\/a><\/li>\n<li id=\"menu-item-763\" class=\"menu-item menu-item-type-post_type menu-item-object-page menu-item-763\"><a href=\"https:\/\/www.keinstress.cz\/?page_id=740\">\u00da\u0159ad diec\u00e9zn\u00ed rady<\/a><\/li>\n<li id=\"menu-item-762\" class=\"menu-item menu-item-type-post_type menu-item-object-page menu-item-762\"><a href=\"https:\/\/www.keinstress.cz\/?page_id=748\">Ke sta\u017een\u00ed<\/a><\/li>\n<\/ul><\/div><\/div><\/div><\/div><\/div><!--close column table wrapper. Autoclose: 1 --><\/div><\/div><\/div><!-- close content main div --><\/div><\/div><div id='after_section_2'  class='main_color av_default_container_wrap container_wrap sidebar_right'  ><div class='container av-section-cont-open' ><div class='template-page content  av-content-small alpha units'><div class='post-entry post-entry-type-page post-entry-740'><div class='entry-content-wrapper clearfix'>\n","protected":false},"excerpt":{"rendered":"","protected":false},"author":1,"featured_media":0,"parent":0,"menu_order":0,"comment_status":"closed","ping_status":"closed","template":"","meta":{"_price":"","_stock":"","_tribe_ticket_header":"","_tribe_default_ticket_provider":"","_tribe_ticket_capacity":"0","_ticket_start_date":"","_ticket_end_date":"","_tribe_ticket_show_description":"","_tribe_ticket_show_not_going":false,"_tribe_ticket_use_global_stock":"","_tribe_ticket_global_stock_level":"","_global_stock_mode":"","_global_stock_cap":"","_tribe_rsvp_for_event":"","_tribe_ticket_going_count":"","_tribe_ticket_not_going_count":"","_tribe_tickets_list":"[]","_tribe_ticket_has_attendee_info_fields":false,"footnotes":""},"class_list":["post-740","page","type-page","status-publish","hentry"],"ticketed":false,"_links":{"self":[{"href":"https:\/\/www.keinstress.cz\/index.php?rest_route=\/wp\/v2\/pages\/740","targetHints":{"allow":["GET"]}}],"collection":[{"href":"https:\/\/www.keinstress.cz\/index.php?rest_route=\/wp\/v2\/pages"}],"about":[{"href":"https:\/\/www.keinstress.cz\/index.php?rest_route=\/wp\/v2\/types\/page"}],"author":[{"embeddable":true,"href":"https:\/\/www.keinstress.cz\/index.php?rest_route=\/wp\/v2\/users\/1"}],"replies":[{"embeddable":true,"href":"https:\/\/www.keinstress.cz\/index.php?rest_route=%2Fwp%2Fv2%2Fcomments&post=740"}],"version-history":[{"count":4,"href":"https:\/\/www.keinstress.cz\/index.php?rest_route=\/wp\/v2\/pages\/740\/revisions"}],"predecessor-version":[{"id":2531,"href":"https:\/\/www.keinstress.cz\/index.php?rest_route=\/wp\/v2\/pages\/740\/revisions\/2531"}],"wp:attachment":[{"href":"https:\/\/www.keinstress.cz\/index.php?rest_route=%2Fwp%2Fv2%2Fmedia&parent=740"}],"curies":[{"name":"wp","href":"https:\/\/api.w.org\/{rel}","templated":true}]}}