{"id":15,"date":"2015-05-15T15:08:52","date_gmt":"2015-05-15T15:08:52","guid":{"rendered":"http:\/\/test.kriesi.at\/church\/?page_id=15"},"modified":"2024-02-27T04:01:49","modified_gmt":"2024-02-27T12:01:49","slug":"news","status":"publish","type":"page","link":"https:\/\/www.keinstress.cz\/?page_id=15","title":{"rendered":"Aktuality"},"content":{"rendered":"\n<style type=\"text\/css\" data-created_by=\"avia_inline_auto\" id=\"style-css-av-53vor-17968c333b2c3c14f32f65b7d3d1a6d4\">\n.avia-section.av-53vor-17968c333b2c3c14f32f65b7d3d1a6d4{\nbackground-repeat:no-repeat;\nbackground-image:url(https:\/\/www.keinstress.cz\/wp-content\/uploads\/2024\/02\/banner-with-burgundy-bible-with-flowers-pink-background-top-view-kopie-scaled.jpg);\nbackground-position:50% 0%;\nbackground-attachment:fixed;\n}\n.avia-section.av-53vor-17968c333b2c3c14f32f65b7d3d1a6d4 .av-section-color-overlay{\nopacity:0.3;\nbackground-color:#000000;\n}\n<\/style>\n<div id='av_section_1'  class='avia-section av-53vor-17968c333b2c3c14f32f65b7d3d1a6d4 main_color avia-section-large avia-no-shadow  avia-builder-el-0  el_before_av_section  avia-builder-el-first  avia-full-stretch avia-bg-style-fixed av-section-color-overlay-active container_wrap sidebar_right'  data-section-bg-repeat='stretch'><div class=\"av-section-color-overlay-wrap\"><div class=\"av-section-color-overlay\"><\/div><div class='container av-section-cont-open' ><main  role=\"main\" itemprop=\"mainContentOfPage\"  class='template-page content  av-content-small alpha units'><div class='post-entry post-entry-type-page post-entry-15'><div class='entry-content-wrapper clearfix'>\n\n<style type=\"text\/css\" data-created_by=\"avia_inline_auto\" id=\"style-css-av-4qhif-8560578f4e2f4cffd56c8810964f8344\">\n#top .av-special-heading.av-4qhif-8560578f4e2f4cffd56c8810964f8344{\npadding-bottom:0;\ncolor:#ffffff;\nfont-size:50px;\n}\nbody .av-special-heading.av-4qhif-8560578f4e2f4cffd56c8810964f8344 .av-special-heading-tag .heading-char{\nfont-size:25px;\n}\n#top #wrap_all .av-special-heading.av-4qhif-8560578f4e2f4cffd56c8810964f8344 .av-special-heading-tag{\nfont-size:50px;\n}\n.av-special-heading.av-4qhif-8560578f4e2f4cffd56c8810964f8344 .special-heading-inner-border{\nborder-color:#ffffff;\n}\n.av-special-heading.av-4qhif-8560578f4e2f4cffd56c8810964f8344 .av-subheading{\nfont-size:15px;\n}\n\n@media only screen and (min-width: 480px) and (max-width: 767px){ \n#top #wrap_all .av-special-heading.av-4qhif-8560578f4e2f4cffd56c8810964f8344 .av-special-heading-tag{\nfont-size:0.8em;\n}\n}\n\n@media only screen and (max-width: 479px){ \n#top #wrap_all .av-special-heading.av-4qhif-8560578f4e2f4cffd56c8810964f8344 .av-special-heading-tag{\nfont-size:0.8em;\n}\n}\n<\/style>\n<div  class='av-special-heading av-4qhif-8560578f4e2f4cffd56c8810964f8344 av-special-heading-h3 custom-color-heading blockquote modern-quote modern-centered  avia-builder-el-1  el_before_av_hr  avia-builder-el-first  av-inherit-size'><h3 class='av-special-heading-tag'  itemprop=\"headline\"  >Aktuality<\/h3><div class=\"special-heading-border\"><div class=\"special-heading-inner-border\"><\/div><\/div><\/div>\n\n<style type=\"text\/css\" data-created_by=\"avia_inline_auto\" id=\"style-css-av-3pxm7-1faebda98e13e6e1ee437628c7b108bf\">\n#top .hr.av-3pxm7-1faebda98e13e6e1ee437628c7b108bf{\nmargin-top:30px;\nmargin-bottom:30px;\n}\n.hr.av-3pxm7-1faebda98e13e6e1ee437628c7b108bf .hr-inner{\nwidth:20%;\nborder-color:rgba(255,255,255,0.76);\nmax-width:45%;\n}\n.hr.av-3pxm7-1faebda98e13e6e1ee437628c7b108bf .av-seperator-icon{\ncolor:#ffffff;\n}\n<\/style>\n<div  class='hr av-3pxm7-1faebda98e13e6e1ee437628c7b108bf hr-custom  avia-builder-el-2  el_after_av_heading  avia-builder-el-last  hr-center hr-icon-yes'><span class='hr-inner inner-border-av-border-thin'><span class=\"hr-inner-style\"><\/span><\/span><span class='av-seperator-icon' aria-hidden='true' data-av_icon='\ue8bf' data-av_iconfont='entypo-fontello'><\/span><span class='hr-inner inner-border-av-border-thin'><span class=\"hr-inner-style\"><\/span><\/span><\/div>\n\n<\/div><\/div><\/main><!-- close content main element --><\/div><\/div><\/div><div id='av_section_2'  class='avia-section av-u6cr-b6274b6c7c4e8a045101cb2260217ed1 main_color avia-section-default avia-no-border-styling  avia-builder-el-3  el_after_av_section  avia-builder-el-last  avia-bg-style-scroll container_wrap sidebar_right'  ><div class='container av-section-cont-open' ><div class='template-page content  av-content-small alpha units'><div class='post-entry post-entry-type-page post-entry-15'><div class='entry-content-wrapper clearfix'>\n<div class='flex_column_table av-2pgnj-e5dbceb2bb9388115722722adb3b7628 sc-av_two_third av-equal-height-column-flextable'>\n<style type=\"text\/css\" data-created_by=\"avia_inline_auto\" id=\"style-css-av-2pgnj-e5dbceb2bb9388115722722adb3b7628\">\n#top .flex_column_table.av-equal-height-column-flextable.av-2pgnj-e5dbceb2bb9388115722722adb3b7628{\nmargin-top:-90px;\nmargin-bottom:0px;\n}\n.flex_column.av-2pgnj-e5dbceb2bb9388115722722adb3b7628{\nborder-radius:0px 0px 0px 0px;\npadding:30px 30px 30px 30px;\nbackground-color:#ffffff;\n}\n<\/style>\n<div  class='flex_column av-2pgnj-e5dbceb2bb9388115722722adb3b7628 av_two_third  avia-builder-el-4  el_before_av_one_third  avia-builder-el-first  first no_margin flex_column_table_cell av-equal-height-column av-align-top  '     ><div  class='av-alb-blogposts template-blog  '  itemscope=\"itemscope\" itemtype=\"https:\/\/schema.org\/Blog\" ><article class=\"post-entry post-entry-type-standard post-entry-2576 post-loop-1 post-parity-odd single-big with-slider post-2576 post type-post status-publish format-standard has-post-thumbnail hentry category-aktuality\"  itemscope=\"itemscope\" itemtype=\"https:\/\/schema.org\/BlogPosting\" ><div class=\"big-preview single-big\"  itemprop=\"image\" itemscope=\"itemscope\" itemtype=\"https:\/\/schema.org\/ImageObject\" ><a href=\"https:\/\/www.keinstress.cz\/?p=2576\"  title=\"Vystava v Hranicich\" ><img decoding=\"async\" loading=\"lazy\" width=\"845\" height=\"321\" src=\"https:\/\/www.keinstress.cz\/wp-content\/uploads\/2024\/10\/Vystava-v-Hranicich-845x321.jpg\" class=\"wp-image-2577 avia-img-lazy-loading-2577 attachment-entry_with_sidebar size-entry_with_sidebar wp-post-image\" alt=\"\" \/><\/a><\/div><div class=\"blog-meta\"><\/div><div class='entry-content-wrapper clearfix standard-content'><header class=\"entry-content-header\"><h2 class='post-title entry-title '  itemprop=\"headline\" ><a href=\"https:\/\/www.keinstress.cz\/?p=2576\" rel=\"bookmark\" title=\"Permanent Link: V\u00fdstava v Hranic\u00edch &#8211; pozv\u00e1nka\">V\u00fdstava v Hranic\u00edch &#8211; pozv\u00e1nka<span class=\"post-format-icon minor-meta\"><\/span><\/a><\/h2><span class=\"post-meta-infos\"><time class=\"date-container minor-meta updated\"  itemprop=\"datePublished\" datetime=\"2024-07-10T10:58:42+02:00\" >10 \u010dervence, 2024<\/time><span class=\"text-sep\">\/<\/span><span class=\"comment-container minor-meta\"><a href=\"https:\/\/www.keinstress.cz\/?p=2576#respond\" class=\"comments-link\" >0 Koment\u00e1\u0159e<\/a><\/span><span class=\"text-sep\">\/<\/span><span class=\"blog-categories minor-meta\">v <a href=\"https:\/\/www.keinstress.cz\/?cat=23\" rel=\"tag\">Atkuality<\/a><\/span><span class=\"text-sep\">\/<\/span><span class=\"blog-author minor-meta\">p\u0159idal <span class=\"entry-author-link\"  itemprop=\"author\" ><span class=\"author\"><span class=\"fn\"><a href=\"https:\/\/www.keinstress.cz\/?author=3\" title=\"P\u0159\u00edsp\u011bvky od Jana Sedl\u00e1\u0159ov\u00e1\" rel=\"author\">Jana Sedl\u00e1\u0159ov\u00e1<\/a><\/span><\/span><\/span><\/span><\/span><\/header><div class=\"entry-content\"  itemprop=\"text\" >\n<style type=\"text\/css\" data-created_by=\"avia_inline_auto\" id=\"style-css-av-2lw434-cf8a1a5c4eec646087d9ee8ddcc1a6d7\">\n#top .avia-gallery.av-2lw434-cf8a1a5c4eec646087d9ee8ddcc1a6d7 .avia-gallery-thumb a{\nwidth:20%;\n}\n<\/style>\n<div  class='avia-gallery av-2lw434-cf8a1a5c4eec646087d9ee8ddcc1a6d7 avia_animate_when_visible  avia-builder-el-0  avia-builder-el-no-sibling  avia_lazyload avia-gallery-animate avia-gallery-1'  itemprop=\"image\" itemscope=\"itemscope\" itemtype=\"https:\/\/schema.org\/ImageObject\" ><meta itemprop=\"contentURL\" content=\"https:\/\/www.keinstress.cz\/?p=2576\"><div class='avia-gallery-thumb'><a href=\"https:\/\/www.keinstress.cz\/wp-content\/uploads\/2024\/10\/Vystava-v-Hranicich.jpg\" data-srcset=\"https:\/\/www.keinstress.cz\/wp-content\/uploads\/2024\/10\/Vystava-v-Hranicich.jpg 1016w, https:\/\/www.keinstress.cz\/wp-content\/uploads\/2024\/10\/Vystava-v-Hranicich-300x280.jpg 300w, https:\/\/www.keinstress.cz\/wp-content\/uploads\/2024\/10\/Vystava-v-Hranicich-768x717.jpg 768w, https:\/\/www.keinstress.cz\/wp-content\/uploads\/2024\/10\/Vystava-v-Hranicich-705x659.jpg 705w\" data-sizes=\"(max-width: 1016px) 100vw, 1016px\" data-rel='gallery-1' data-prev-img='https:\/\/www.keinstress.cz\/wp-content\/uploads\/2024\/10\/Vystava-v-Hranicich-495x400.jpg' class='first_thumb lightbox ' data-onclick='1' title='Vystava v Hranicich'  itemprop=\"thumbnailUrl\"  ><img decoding=\"async\" fetchpriority=\"high\" class=\"wp-image-2577 avia-img-lazy-loading-not-2577\"   src=\"https:\/\/www.keinstress.cz\/wp-content\/uploads\/2024\/10\/Vystava-v-Hranicich-495x400.jpg\" width=\"495\" height=\"400\"  title='Vystava v Hranicich' alt='' srcset=\"https:\/\/www.keinstress.cz\/wp-content\/uploads\/2024\/10\/Vystava-v-Hranicich-495x400.jpg 495w, https:\/\/www.keinstress.cz\/wp-content\/uploads\/2024\/10\/Vystava-v-Hranicich-845x684.jpg 845w\" sizes=\"(max-width: 495px) 100vw, 495px\" \/><div class='big-prev-fake'><img decoding=\"async\" loading=\"lazy\" class=\"wp-image-2577 avia-img-lazy-loading-2577\"  width=\"495\" height=\"400\" src=\"https:\/\/www.keinstress.cz\/wp-content\/uploads\/2024\/10\/Vystava-v-Hranicich-495x400.jpg\" title='Vystava v Hranicich' alt='' srcset=\"https:\/\/www.keinstress.cz\/wp-content\/uploads\/2024\/10\/Vystava-v-Hranicich-495x400.jpg 495w, https:\/\/www.keinstress.cz\/wp-content\/uploads\/2024\/10\/Vystava-v-Hranicich-845x684.jpg 845w\" sizes=\"auto, (max-width: 495px) 100vw, 495px\" \/><\/div><\/a><\/div><\/div>\n<\/div><footer class=\"entry-footer\"><\/footer><div class='post_delimiter'><\/div><\/div><div class=\"post_author_timeline\"><\/div><span class='hidden'>\n\t\t\t\t<span class='av-structured-data'  itemprop=\"image\" itemscope=\"itemscope\" itemtype=\"https:\/\/schema.org\/ImageObject\" >\n\t\t\t\t\t\t<span itemprop='url'>https:\/\/www.keinstress.cz\/wp-content\/uploads\/2024\/10\/Vystava-v-Hranicich.jpg<\/span>\n\t\t\t\t\t\t<span itemprop='height'>949<\/span>\n\t\t\t\t\t\t<span itemprop='width'>1016<\/span>\n\t\t\t\t<\/span>\n\t\t\t\t<span class='av-structured-data'  itemprop=\"publisher\" itemtype=\"https:\/\/schema.org\/Organization\" itemscope=\"itemscope\" >\n\t\t\t\t\t\t<span itemprop='name'>Jana Sedl\u00e1\u0159ov\u00e1<\/span>\n\t\t\t\t\t\t<span itemprop='logo' itemscope itemtype='https:\/\/schema.org\/ImageObject'>\n\t\t\t\t\t\t\t<span itemprop='url'>http:\/\/www.keinstress.cz\/wp-content\/uploads\/2024\/01\/logo-cch.png<\/span>\n\t\t\t\t\t\t<\/span>\n\t\t\t\t<\/span><span class='av-structured-data'  itemprop=\"author\" itemscope=\"itemscope\" itemtype=\"https:\/\/schema.org\/Person\" ><span itemprop='name'>Jana Sedl\u00e1\u0159ov\u00e1<\/span><\/span><span class='av-structured-data'  itemprop=\"datePublished\" datetime=\"2024-07-10T10:58:42+02:00\" >2024-07-10 10:58:42<\/span><span class='av-structured-data'  itemprop=\"dateModified\" itemtype=\"https:\/\/schema.org\/dateModified\" >2024-10-24 11:01:02<\/span><span class='av-structured-data'  itemprop=\"mainEntityOfPage\" itemtype=\"https:\/\/schema.org\/mainEntityOfPage\" ><span itemprop='name'>V\u00fdstava v Hranic\u00edch &#8211; pozv\u00e1nka<\/span><\/span><\/span><\/article><article class=\"post-entry post-entry-type-standard post-entry-2571 post-loop-2 post-parity-even single-big with-slider post-2571 post type-post status-publish format-standard has-post-thumbnail hentry category-aktuality\"  itemscope=\"itemscope\" itemtype=\"https:\/\/schema.org\/BlogPosting\" ><div class=\"big-preview single-big\"  itemprop=\"image\" itemscope=\"itemscope\" itemtype=\"https:\/\/schema.org\/ImageObject\" ><a href=\"https:\/\/www.keinstress.cz\/?p=2571\"  title=\"Celocirkevni setkani v Pisku\" ><img decoding=\"async\" loading=\"lazy\" width=\"800\" height=\"321\" src=\"https:\/\/www.keinstress.cz\/wp-content\/uploads\/2024\/10\/Celocirkevni-setkani-v-Pisku-800x321.jpg\" class=\"wp-image-2566 avia-img-lazy-loading-2566 attachment-entry_with_sidebar size-entry_with_sidebar wp-post-image\" alt=\"\" \/><\/a><\/div><div class=\"blog-meta\"><\/div><div class='entry-content-wrapper clearfix standard-content'><header class=\"entry-content-header\"><h2 class='post-title entry-title '  itemprop=\"headline\" ><a href=\"https:\/\/www.keinstress.cz\/?p=2571\" rel=\"bookmark\" title=\"Permanent Link: Pozv\u00e1n\u00ed na celoc\u00edrkevn\u00ed setk\u00e1n\u00ed ml\u00e1de\u017ee v P\u00edsku\">Pozv\u00e1n\u00ed na celoc\u00edrkevn\u00ed setk\u00e1n\u00ed ml\u00e1de\u017ee v P\u00edsku<span class=\"post-format-icon minor-meta\"><\/span><\/a><\/h2><span class=\"post-meta-infos\"><time class=\"date-container minor-meta updated\"  itemprop=\"datePublished\" datetime=\"2024-07-08T10:55:20+02:00\" >8 \u010dervence, 2024<\/time><span class=\"text-sep\">\/<\/span><span class=\"comment-container minor-meta\"><a href=\"https:\/\/www.keinstress.cz\/?p=2571#respond\" class=\"comments-link\" >0 Koment\u00e1\u0159e<\/a><\/span><span class=\"text-sep\">\/<\/span><span class=\"blog-categories minor-meta\">v <a href=\"https:\/\/www.keinstress.cz\/?cat=23\" rel=\"tag\">Atkuality<\/a><\/span><span class=\"text-sep\">\/<\/span><span class=\"blog-author minor-meta\">p\u0159idal <span class=\"entry-author-link\"  itemprop=\"author\" ><span class=\"author\"><span class=\"fn\"><a href=\"https:\/\/www.keinstress.cz\/?author=2\" title=\"P\u0159\u00edsp\u011bvky od Jana\" rel=\"author\">Jana<\/a><\/span><\/span><\/span><\/span><\/span><\/header><div class=\"entry-content\"  itemprop=\"text\" >\n<style type=\"text\/css\" data-created_by=\"avia_inline_auto\" id=\"style-css-av-2fjf23-15f3bb4d73ef44cca6e54a4da0b15f9b\">\n#top .avia-gallery.av-2fjf23-15f3bb4d73ef44cca6e54a4da0b15f9b .avia-gallery-thumb a{\nwidth:20%;\n}\n<\/style>\n<div  class='avia-gallery av-2fjf23-15f3bb4d73ef44cca6e54a4da0b15f9b avia_animate_when_visible  avia-builder-el-0  avia-builder-el-no-sibling  avia_lazyload avia-gallery-animate avia-gallery-2'  itemprop=\"image\" itemscope=\"itemscope\" itemtype=\"https:\/\/schema.org\/ImageObject\" ><meta itemprop=\"contentURL\" content=\"https:\/\/www.keinstress.cz\/?p=2571\"><div class='avia-gallery-thumb'><a href=\"https:\/\/www.keinstress.cz\/wp-content\/uploads\/2024\/10\/Celocirkevni-setkani-v-Pisku-728x1030.jpg\" data-srcset=\"https:\/\/www.keinstress.cz\/wp-content\/uploads\/2024\/10\/Celocirkevni-setkani-v-Pisku-728x1030.jpg 728w, https:\/\/www.keinstress.cz\/wp-content\/uploads\/2024\/10\/Celocirkevni-setkani-v-Pisku-212x300.jpg 212w, https:\/\/www.keinstress.cz\/wp-content\/uploads\/2024\/10\/Celocirkevni-setkani-v-Pisku-768x1087.jpg 768w, https:\/\/www.keinstress.cz\/wp-content\/uploads\/2024\/10\/Celocirkevni-setkani-v-Pisku-498x705.jpg 498w, https:\/\/www.keinstress.cz\/wp-content\/uploads\/2024\/10\/Celocirkevni-setkani-v-Pisku.jpg 800w\" data-sizes=\"(max-width: 728px) 100vw, 728px\" data-rel='gallery-2' data-prev-img='https:\/\/www.keinstress.cz\/wp-content\/uploads\/2024\/10\/Celocirkevni-setkani-v-Pisku-495x400.jpg' class='first_thumb lightbox ' data-onclick='1' title='Celocirkevni setkani v Pisku'  itemprop=\"thumbnailUrl\"  ><img decoding=\"async\" fetchpriority=\"high\" class=\"wp-image-2566 avia-img-lazy-loading-not-2566\"   src=\"https:\/\/www.keinstress.cz\/wp-content\/uploads\/2024\/10\/Celocirkevni-setkani-v-Pisku-495x400.jpg\" width=\"495\" height=\"400\"  title='Celocirkevni setkani v Pisku' alt='' \/><div class='big-prev-fake'><img decoding=\"async\" loading=\"lazy\" class=\"wp-image-2566 avia-img-lazy-loading-2566\"  width=\"495\" height=\"400\" src=\"https:\/\/www.keinstress.cz\/wp-content\/uploads\/2024\/10\/Celocirkevni-setkani-v-Pisku-495x400.jpg\" title='Celocirkevni setkani v Pisku' alt='' \/><\/div><\/a><\/div><\/div>\n<\/div><footer class=\"entry-footer\"><\/footer><div class='post_delimiter'><\/div><\/div><div class=\"post_author_timeline\"><\/div><span class='hidden'>\n\t\t\t\t<span class='av-structured-data'  itemprop=\"image\" itemscope=\"itemscope\" itemtype=\"https:\/\/schema.org\/ImageObject\" >\n\t\t\t\t\t\t<span itemprop='url'>https:\/\/www.keinstress.cz\/wp-content\/uploads\/2024\/10\/Celocirkevni-setkani-v-Pisku.jpg<\/span>\n\t\t\t\t\t\t<span itemprop='height'>1132<\/span>\n\t\t\t\t\t\t<span itemprop='width'>800<\/span>\n\t\t\t\t<\/span>\n\t\t\t\t<span class='av-structured-data'  itemprop=\"publisher\" itemtype=\"https:\/\/schema.org\/Organization\" itemscope=\"itemscope\" >\n\t\t\t\t\t\t<span itemprop='name'>Jana<\/span>\n\t\t\t\t\t\t<span itemprop='logo' itemscope itemtype='https:\/\/schema.org\/ImageObject'>\n\t\t\t\t\t\t\t<span itemprop='url'>http:\/\/www.keinstress.cz\/wp-content\/uploads\/2024\/01\/logo-cch.png<\/span>\n\t\t\t\t\t\t<\/span>\n\t\t\t\t<\/span><span class='av-structured-data'  itemprop=\"author\" itemscope=\"itemscope\" itemtype=\"https:\/\/schema.org\/Person\" ><span itemprop='name'>Jana<\/span><\/span><span class='av-structured-data'  itemprop=\"datePublished\" datetime=\"2024-07-08T10:55:20+02:00\" >2024-07-08 10:55:20<\/span><span class='av-structured-data'  itemprop=\"dateModified\" itemtype=\"https:\/\/schema.org\/dateModified\" >2024-10-24 11:01:33<\/span><span class='av-structured-data'  itemprop=\"mainEntityOfPage\" itemtype=\"https:\/\/schema.org\/mainEntityOfPage\" ><span itemprop='name'>Pozv\u00e1n\u00ed na celoc\u00edrkevn\u00ed setk\u00e1n\u00ed ml\u00e1de\u017ee v P\u00edsku<\/span><\/span><\/span><\/article><article class=\"post-entry post-entry-type-standard post-entry-2523 post-loop-3 post-parity-odd post-entry-last single-big with-slider post-2523 post type-post status-publish format-standard has-post-thumbnail hentry category-aktuality\"  itemscope=\"itemscope\" itemtype=\"https:\/\/schema.org\/BlogPosting\" ><div class=\"big-preview single-big\"  itemprop=\"image\" itemscope=\"itemscope\" itemtype=\"https:\/\/schema.org\/ImageObject\" ><a href=\"https:\/\/www.keinstress.cz\/?p=2523\"  title=\"Bohosluzba k Winklerove zvonici na Ostravici\" ><img decoding=\"async\" loading=\"lazy\" width=\"667\" height=\"321\" src=\"https:\/\/www.keinstress.cz\/wp-content\/uploads\/2024\/10\/Bohosluzba-k-Winklerove-zvonici-na-Ostravici-667x321.jpg\" class=\"wp-image-2524 avia-img-lazy-loading-2524 attachment-entry_with_sidebar size-entry_with_sidebar wp-post-image\" alt=\"\" \/><\/a><\/div><div class=\"blog-meta\"><\/div><div class='entry-content-wrapper clearfix standard-content'><header class=\"entry-content-header\"><h2 class='post-title entry-title '  itemprop=\"headline\" ><a href=\"https:\/\/www.keinstress.cz\/?p=2523\" rel=\"bookmark\" title=\"Permanent Link: Bohoslu\u017eba na Ostravici\">Bohoslu\u017eba na Ostravici<span class=\"post-format-icon minor-meta\"><\/span><\/a><\/h2><span class=\"post-meta-infos\"><time class=\"date-container minor-meta updated\"  itemprop=\"datePublished\" datetime=\"2024-06-13T09:35:52+02:00\" >13 \u010dervna, 2024<\/time><span class=\"text-sep\">\/<\/span><span class=\"comment-container minor-meta\"><a href=\"https:\/\/www.keinstress.cz\/?p=2523#respond\" class=\"comments-link\" >0 Koment\u00e1\u0159e<\/a><\/span><span class=\"text-sep\">\/<\/span><span class=\"blog-categories minor-meta\">v <a href=\"https:\/\/www.keinstress.cz\/?cat=23\" rel=\"tag\">Atkuality<\/a><\/span><span class=\"text-sep\">\/<\/span><span class=\"blog-author minor-meta\">p\u0159idal <span class=\"entry-author-link\"  itemprop=\"author\" ><span class=\"author\"><span class=\"fn\"><a href=\"https:\/\/www.keinstress.cz\/?author=3\" title=\"P\u0159\u00edsp\u011bvky od Jana Sedl\u00e1\u0159ov\u00e1\" rel=\"author\">Jana Sedl\u00e1\u0159ov\u00e1<\/a><\/span><\/span><\/span><\/span><\/span><\/header><div class=\"entry-content\"  itemprop=\"text\" ><p><img loading=\"lazy\" decoding=\"async\" class=\"alignnone size-medium wp-image-2524\" src=\"http:\/\/www.keinstress.cz\/wp-content\/uploads\/2024\/10\/Bohosluzba-k-Winklerove-zvonici-na-Ostravici-215x300.jpg\" alt=\"\" width=\"215\" height=\"300\" srcset=\"https:\/\/www.keinstress.cz\/wp-content\/uploads\/2024\/10\/Bohosluzba-k-Winklerove-zvonici-na-Ostravici-215x300.jpg 215w, https:\/\/www.keinstress.cz\/wp-content\/uploads\/2024\/10\/Bohosluzba-k-Winklerove-zvonici-na-Ostravici-506x705.jpg 506w, https:\/\/www.keinstress.cz\/wp-content\/uploads\/2024\/10\/Bohosluzba-k-Winklerove-zvonici-na-Ostravici.jpg 667w\" sizes=\"auto, (max-width: 215px) 100vw, 215px\" \/><\/p>\n<\/div><footer class=\"entry-footer\"><\/footer><div class='post_delimiter'><\/div><\/div><div class=\"post_author_timeline\"><\/div><span class='hidden'>\n\t\t\t\t<span class='av-structured-data'  itemprop=\"image\" itemscope=\"itemscope\" itemtype=\"https:\/\/schema.org\/ImageObject\" >\n\t\t\t\t\t\t<span itemprop='url'>https:\/\/www.keinstress.cz\/wp-content\/uploads\/2024\/10\/Bohosluzba-k-Winklerove-zvonici-na-Ostravici.jpg<\/span>\n\t\t\t\t\t\t<span itemprop='height'>929<\/span>\n\t\t\t\t\t\t<span itemprop='width'>667<\/span>\n\t\t\t\t<\/span>\n\t\t\t\t<span class='av-structured-data'  itemprop=\"publisher\" itemtype=\"https:\/\/schema.org\/Organization\" itemscope=\"itemscope\" >\n\t\t\t\t\t\t<span itemprop='name'>Jana Sedl\u00e1\u0159ov\u00e1<\/span>\n\t\t\t\t\t\t<span itemprop='logo' itemscope itemtype='https:\/\/schema.org\/ImageObject'>\n\t\t\t\t\t\t\t<span itemprop='url'>http:\/\/www.keinstress.cz\/wp-content\/uploads\/2024\/01\/logo-cch.png<\/span>\n\t\t\t\t\t\t<\/span>\n\t\t\t\t<\/span><span class='av-structured-data'  itemprop=\"author\" itemscope=\"itemscope\" itemtype=\"https:\/\/schema.org\/Person\" ><span itemprop='name'>Jana Sedl\u00e1\u0159ov\u00e1<\/span><\/span><span class='av-structured-data'  itemprop=\"datePublished\" datetime=\"2024-06-13T09:35:52+02:00\" >2024-06-13 09:35:52<\/span><span class='av-structured-data'  itemprop=\"dateModified\" itemtype=\"https:\/\/schema.org\/dateModified\" >2024-10-24 09:36:24<\/span><span class='av-structured-data'  itemprop=\"mainEntityOfPage\" itemtype=\"https:\/\/schema.org\/mainEntityOfPage\" ><span itemprop='name'>Bohoslu\u017eba na Ostravici<\/span><\/span><\/span><\/article><div class='single-big'><nav class='pagination'><span class='pagination-meta'>Page 1 of 16<\/span><span class='current'>1<\/span><a href='https:\/\/www.keinstress.cz\/index.php?rest_route=%2Fwp%2Fv2%2Fpages%2F15&#038;paged=2' class='inactive next_page' >2<\/a><a href='https:\/\/www.keinstress.cz\/index.php?rest_route=%2Fwp%2Fv2%2Fpages%2F15&#038;paged=3' class='inactive' >3<\/a><a href='https:\/\/www.keinstress.cz\/index.php?rest_route=%2Fwp%2Fv2%2Fpages%2F15&#038;paged=2'>&rsaquo;<\/a><a href='https:\/\/www.keinstress.cz\/index.php?rest_route=%2Fwp%2Fv2%2Fpages%2F15&#038;paged=16'>&raquo;<\/a><\/nav>\n<\/div><\/div><\/div>\n<style type=\"text\/css\" data-created_by=\"avia_inline_auto\" id=\"style-css-av-1i0gf-9c1d9a77bb8b152e0962794db7e52cea\">\n#top .flex_column_table.av-equal-height-column-flextable.av-1i0gf-9c1d9a77bb8b152e0962794db7e52cea{\nmargin-top:-90px;\nmargin-bottom:0px;\n}\n.flex_column.av-1i0gf-9c1d9a77bb8b152e0962794db7e52cea{\nborder-radius:0px 0px 0px 0px;\npadding:30px 30px 30px 30px;\nbackground-color:#f0f0f0;\n}\n<\/style>\n<div  class='flex_column av-1i0gf-9c1d9a77bb8b152e0962794db7e52cea av_one_third no_margin flex_column_table_cell av-equal-height-column av-align-top  '     ><\/div><\/div><!--close column table wrapper. Autoclose: 1 -->\n<\/div><\/div><\/div><!-- close content main div --><\/div><\/div><div id='after_section_2'  class='main_color av_default_container_wrap container_wrap sidebar_right'  ><div class='container av-section-cont-open' ><div class='template-page content  av-content-small alpha units'><div class='post-entry post-entry-type-page post-entry-15'><div class='entry-content-wrapper clearfix'>\n","protected":false},"excerpt":{"rendered":"","protected":false},"author":1,"featured_media":0,"parent":0,"menu_order":0,"comment_status":"closed","ping_status":"closed","template":"","meta":{"_price":"","_stock":"","_tribe_ticket_header":"","_tribe_default_ticket_provider":"","_tribe_ticket_capacity":"0","_ticket_start_date":"","_ticket_end_date":"","_tribe_ticket_show_description":"","_tribe_ticket_show_not_going":false,"_tribe_ticket_use_global_stock":"","_tribe_ticket_global_stock_level":"","_global_stock_mode":"","_global_stock_cap":"","_tribe_rsvp_for_event":"","_tribe_ticket_going_count":"","_tribe_ticket_not_going_count":"","_tribe_tickets_list":"[]","_tribe_ticket_has_attendee_info_fields":false,"footnotes":""},"class_list":["post-15","page","type-page","status-publish","hentry"],"ticketed":false,"_links":{"self":[{"href":"https:\/\/www.keinstress.cz\/index.php?rest_route=\/wp\/v2\/pages\/15","targetHints":{"allow":["GET"]}}],"collection":[{"href":"https:\/\/www.keinstress.cz\/index.php?rest_route=\/wp\/v2\/pages"}],"about":[{"href":"https:\/\/www.keinstress.cz\/index.php?rest_route=\/wp\/v2\/types\/page"}],"author":[{"embeddable":true,"href":"https:\/\/www.keinstress.cz\/index.php?rest_route=\/wp\/v2\/users\/1"}],"replies":[{"embeddable":true,"href":"https:\/\/www.keinstress.cz\/index.php?rest_route=%2Fwp%2Fv2%2Fcomments&post=15"}],"version-history":[{"count":27,"href":"https:\/\/www.keinstress.cz\/index.php?rest_route=\/wp\/v2\/pages\/15\/revisions"}],"predecessor-version":[{"id":2520,"href":"https:\/\/www.keinstress.cz\/index.php?rest_route=\/wp\/v2\/pages\/15\/revisions\/2520"}],"wp:attachment":[{"href":"https:\/\/www.keinstress.cz\/index.php?rest_route=%2Fwp%2Fv2%2Fmedia&parent=15"}],"curies":[{"name":"wp","href":"https:\/\/api.w.org\/{rel}","templated":true}]}}